{"id":7375,"date":"2022-02-24T16:02:25","date_gmt":"2022-02-24T16:02:25","guid":{"rendered":"https:\/\/hotelcastellemporda.com\/aviso-legal\/"},"modified":"2023-01-11T13:26:01","modified_gmt":"2023-01-11T13:26:01","slug":"avis-legal","status":"publish","type":"page","link":"https:\/\/hotelcastellemporda.com\/ca\/avis-legal\/","title":{"rendered":"Av\u00eds legal"},"content":{"rendered":"\t\t<div data-elementor-type=\"wp-page\" data-elementor-id=\"7375\" class=\"elementor elementor-7375 elementor-2976\" data-elementor-post-type=\"page\">\n\t\t\t\t\t\t<section data-particle_enable=\"false\" data-particle-mobile-disabled=\"false\" class=\"elementor-section elementor-top-section elementor-element elementor-element-278a6b4b elementor-section-height-min-height elementor-section-items-top ohm-templ-hero-image-slider elementor-section-boxed elementor-section-height-default\" data-id=\"278a6b4b\" data-element_type=\"section\" data-settings=\"{&quot;background_background&quot;:&quot;classic&quot;}\">\n\t\t\t\t\t\t\t<div class=\"elementor-background-overlay\"><\/div>\n\t\t\t\t\t\t\t<div class=\"elementor-container elementor-column-gap-default\">\n\t\t\t\t\t<div class=\"elementor-column elementor-col-100 elementor-top-column elementor-element elementor-element-7a088fab\" data-id=\"7a088fab\" data-element_type=\"column\">\n\t\t\t<div class=\"elementor-widget-wrap\">\n\t\t\t\t\t\t\t<\/div>\n\t\t<\/div>\n\t\t\t\t\t<\/div>\n\t\t<\/section>\n\t\t\t\t<section data-particle_enable=\"false\" data-particle-mobile-disabled=\"false\" class=\"elementor-section elementor-top-section elementor-element elementor-element-546bf6d elementor-section-full_width ohm-plain-text-wrapper elementor-section-height-default elementor-section-height-default\" data-id=\"546bf6d\" data-element_type=\"section\">\n\t\t\t\t\t\t<div class=\"elementor-container elementor-column-gap-default\">\n\t\t\t\t\t<div class=\"elementor-column elementor-col-100 elementor-top-column elementor-element elementor-element-2cdb842\" data-id=\"2cdb842\" data-element_type=\"column\">\n\t\t\t<div class=\"elementor-widget-wrap elementor-element-populated\">\n\t\t\t\t\t\t<section data-particle_enable=\"false\" data-particle-mobile-disabled=\"false\" class=\"elementor-section elementor-inner-section elementor-element elementor-element-04599a2 ohm-plain-text-inner elementor-section-boxed elementor-section-height-default elementor-section-height-default\" data-id=\"04599a2\" data-element_type=\"section\">\n\t\t\t\t\t\t<div class=\"elementor-container elementor-column-gap-default\">\n\t\t\t\t\t<div class=\"elementor-column elementor-col-100 elementor-inner-column elementor-element elementor-element-d4a3ba8\" data-id=\"d4a3ba8\" data-element_type=\"column\">\n\t\t\t<div class=\"elementor-widget-wrap elementor-element-populated\">\n\t\t\t\t\t\t<div class=\"elementor-element elementor-element-c812a90 ohm-heading elementor-widget elementor-widget-heading\" data-id=\"c812a90\" data-element_type=\"widget\" data-widget_type=\"heading.default\">\n\t\t\t\t<div class=\"elementor-widget-container\">\n\t\t\t<h1 class=\"elementor-heading-title elementor-size-default\">Av\u00eds Legal<\/h1>\t\t<\/div>\n\t\t\t\t<\/div>\n\t\t\t\t<div class=\"elementor-element elementor-element-8cfaba5 ohm-text elementor-widget elementor-widget-text-editor\" data-id=\"8cfaba5\" data-element_type=\"widget\" data-widget_type=\"text-editor.default\">\n\t\t\t\t<div class=\"elementor-widget-container\">\n\t\t\t\t\t\t\t<p>Aviso legal y condiciones de uso<\/p>\n<ol>\n<li>Introducci\u00f3n<\/li>\n<\/ol>\n<p>El presente documento tiene como finalidad el establecer y regular las normas de uso de la p\u00e1ginas\u00a0<a href=\"https:\/\/hotelcastellemporda.com\">www.hotelcastellemporda.com<\/a>(en adelante \u201cWeb\u201d), entendiendo por Web todas las p\u00e1ginas y sus contenidos propiedad de Hotel Castell Del Remei S.L .<\/p>\n<p>Mediante esta web, Hotel Castell Del Remei S.L . (en adelante \u201c HOTEL CASTELL D\u2019EMPORDA \u201d) pretende ofrecer informaci\u00f3n a sus clientes y potenciales clientes, gestionar el programa de fidelizaci\u00f3n de clientes, gestionar la reserva de habitaciones, as\u00ed como de cualquier otro servicio que en su momento se estime oportuno para la correcta consecuci\u00f3n de su objeto social.<\/p>\n<p>La utilizaci\u00f3n de esta p\u00e1gina, as\u00ed como de los servicios que en ella se pone a disposici\u00f3n del usuario, supondr\u00e1 la aceptaci\u00f3n plena y sin reservas de todas y cada una de las condiciones generales recogidas en el presente Aviso Legal (en adelante las \u201cCondiciones Generales\u201d), por lo que el usuario deber\u00e1 de ser consciente de la importancia de leerlas cada vez que visite la Web. El hecho de acceder a esta Web implica el conocimiento y aceptaci\u00f3n de las siguientes Condiciones Generales por lo que \u00a0HOTEL CASTELL D\u2019EMPORDA recomienda al usuario su impresi\u00f3n o su descarga y lectura detallada cada vez que acceda a esta Web.<\/p>\n<ol start=\"2\">\n<li>Informaci\u00f3n general<\/li>\n<\/ol>\n<p>El titular de la Web\u00a0<a href=\"https:\/\/hotelcastellemporda.com\">www.hotelcastellemporda.com<\/a> es hotel HOTEL CASTELL DEL REMEI S.L\u00a0 \u00a0con domicilio social en Carretera\u00a0 CASTELL D\u2019EMPORDA S\/N ; inscrita en el Registro Mercantil de Girona \u00a0al Tomo 1654,Libro 0 , Folio 15, Secci\u00f3n 8 ,Hoja n\u00famero GI-27531 , y provista de C.I.F. B17662602<\/p>\n<ol start=\"3\">\n<li>Uso de la web<\/li>\n<\/ol>\n<p>Mediante la aceptaci\u00f3n de las presentes Condiciones Generales el usuario se compromete a usar la presente Web y los servicios puestos a su disposici\u00f3n en el mismo, de la manera y en la forma que en \u00e9l mismo se establece. Quedando obligado a no utilizar la Web y sus servicios con fines il\u00edcitos y\/o contrarios a los fines establecidos en estas Condiciones Generales, que pudieran ser lesivos de derechos y\/o intereses de terceros o que de cualquier forma puedan da\u00f1ar o impedir su correcto funcionamiento o de los servicios que en \u00e9l se ofrecen u ofrecieran en el futuro.<\/p>\n<ol start=\"4\">\n<li>\u00c1mbito de la web. responsabilidad del usuario<\/li>\n<\/ol>\n<p>Se encuentra comprendida en esta Web la p\u00e1gina\u00a0<a href=\"https:\/\/hotelcastellemporda.com\">www.hotelcastellemporda.com<\/a><\/p>\n<p>El acceso a esta Web es responsabilidad exclusiva de los usuarios. Los riesgos derivados de la utilizaci\u00f3n de la Web por el usuario ser\u00e1n a su \u00fanico y exclusivo cargo. HOTEL CASTELL D\u2019EMPORDA no ser\u00e1 responsable de posibles da\u00f1os o perjuicios que se pudieran derivar de interferencias omisiones, interrupciones, virus inform\u00e1ticos, aver\u00edas telef\u00f3nicas o desconexiones en el funcionamiento operativo de este sistema electr\u00f3nico, motivadas por causas ajenas a \u00a0HOTEL CASTELL D\u2019EMPORDA; de retrasos o bloqueos en el uso del presente sistema electr\u00f3nico causados por deficiencias o sobrecargas en su Centro de Procesos de Datos, de l\u00edneas telef\u00f3nicas, en el sistema de Internet o en otros sistemas electr\u00f3nicos; ni tampoco de da\u00f1os que puedan ser causados por terceras personas mediante intromisiones ileg\u00edtimas fuera del control de CASTELL D\u2019EMPORDA<\/p>\n<p>Asimismo, se exonera a HOTEL CASTELL D\u2019EMPORDA de responsabilidad ante cualquier da\u00f1o o perjuicio que pudiera sufrir el usuario como consecuencia de errores, defectos u omisiones, en la informaci\u00f3n facilitada por HOTEL CASTELL D\u2019EMPORDA siempre que proceda de fuentes ajenas.<\/p>\n<ol start=\"5\">\n<li>Actualidad y modificaci\u00f3n de la informaci\u00f3n<\/li>\n<\/ol>\n<p>La informaci\u00f3n que aparece en esta Web es la vigente en la fecha de su \u00faltima actualizaci\u00f3n. HOTEL CASTELL D\u2019EMPORDA se reserva el derecho a actualizar, modificar o eliminar la informaci\u00f3n de esta Web, pudiendo limitar o no permitir el acceso al mismo.<\/p>\n<p>HOTEL CASTELL D\u2019EMPORDA se reserva la facultad de efectuar, en cualquier momento, cuantos cambios y modificaciones estime convenientes, pudiendo hacer uso de tal facultad en cualquier momento y sin previo aviso.<\/p>\n<ol start=\"6\">\n<li>Contenidos<\/li>\n<\/ol>\n<p>HOTEL CASTELL D\u2019EMPORDA realiza los m\u00e1ximos esfuerzos para evitar cualquier error en los contenidos que pudieran aparecer en esta Web. HOTEL CASTELL D\u2019EMPORDA no garantiza, ni se responsabiliza de las consecuencias que pudieran derivarse de los errores en los contenidos que pudieran aparecer en esta Web proporcionados por terceros.<\/p>\n<p>HOTEL CASTELL D\u2019EMPORDA no se responsabiliza en modo alguno de aquellos contenidos, actividades comerciales, productos y servicios incluidos que pudiesen visualizarse mediante enlaces electr\u00f3nicos (links) si los hubiera y cuando los hubiere, de forma directa o indirectamente, a trav\u00e9s de esta Web.<\/p>\n<p>HOTEL CASTELL D\u2019EMPORDA se reserva el derecho a impedir o prohibir el acceso a la Web a cualquier usuario de Internet que introduzca en esta Web cualquier contenido contrario a las normas legales o sea inmoral, reserv\u00e1ndose el derecho de ejercer las medidas legales que estime oportunas para evitar este tipo de conductas.<\/p>\n<ol start=\"7\">\n<li>Navegaci\u00f3n, acceso y seguridad<\/li>\n<\/ol>\n<p>HOTEL CASTELL D\u2019EMPORDA realiza los m\u00e1ximos esfuerzos para que la navegaci\u00f3n se realice en las mejores condiciones y evitar los perjuicios de cualquier tipo que pudiesen ocasionarse durante la misma.<\/p>\n<p>HOTEL CASTELL D\u2019EMPORDA no se hace responsable de los perjuicios, de cualquier \u00edndole, que pudieran ocasionarse a los usuarios por la utilizaci\u00f3n de otros navegadores o versiones distintas de los navegadores para los que ha sido dise\u00f1ada la Web.<\/p>\n<p>HOTEL CASTELL D\u2019EMPORDA no se responsabiliza ni garantiza que el acceso a esta Web sea interrumpido o que est\u00e9 libre de error. Tampoco se responsabiliza o garantiza que el contenido o software al que pueda accederse a trav\u00e9s de esta Web, est\u00e9 libre de error o cause un da\u00f1o.<\/p>\n<ol start=\"8\">\n<li>Protecci\u00f3n de datos<\/li>\n<\/ol>\n<p>HOTEL CASTELL D\u2019EMPORDA informa a los usuarios de esta Web que HOTEL CASTELL D\u2019EMPORDA respeta la legislaci\u00f3n vigente en materia de protecci\u00f3n de datos y en concreto la Ley Org\u00e1nica 03\/18, de 5 de diciembre, de Protecci\u00f3n de Datos de Car\u00e1cter Personal, as\u00ed como su normativa de desarrollo, adoptando para ello las medidas t\u00e9cnicas y organizativas necesarias para evitar la p\u00e9rdida, mal uso, alteraci\u00f3n, acceso no autorizado y robo de los datos personales facilitados, en su caso, a trav\u00e9s de la Web, habida cuenta del estado de la tecnolog\u00eda, la naturaleza de los datos y los riesgos a los que est\u00e1n expuestos.<\/p>\n<p>En cumplimiento con la normativa de protecci\u00f3n de datos HOTEL CASTELL D\u2019EMPORDA le informa que el responsable de los datos de car\u00e1cter personal es HOTEL CASTELL D\u2019EMPORDA A.I.E. El titular de los datos tiene derecho de acceso en todo momento a los mismos, de forma que pueda ejercitar sus derechos de rectificaci\u00f3n, supresi\u00f3n, oposici\u00f3n y dem\u00e1s derechos, en los t\u00e9rminos recogidos en la legislaci\u00f3n de protecci\u00f3n de datos. Para este fin, puede escribir a la direcci\u00f3n de CASTELL DEL Remei S.L, con domicilio social en Carretera HOTEL CASTELL D\u2019EMPORDA s\/n \u00a0\u00b7 C.P. 17100 \u00b7 La Bisbal d\u2019Emporda \u00a0(Girona), o bien enviar un e-mail a:\u00a0<a href=\"mailto:info@Hotelcastellemporda.com\">info@Hotelcastellemporda.com<\/a> \u00a0. Puede interponer una reclamaci\u00f3n ante la autoridad de control de protecci\u00f3n de datos. HOTEL CASTELL D\u2019EMPORDA , garantiza que ha adoptado las medidas oportunas de seguridad en sus instalaciones, sistemas y archivos.<\/p>\n<ol start=\"9\">\n<li>Sobre el uso de cookies<\/li>\n<\/ol>\n<p>El acceso a esta Web puede implicar la utilizaci\u00f3n de cookies, tanto en sus p\u00e1ginas como en las enlazadas o referenciadas mediante links. Aquellos usuarios que no deseen recibir Cookies o quieran ser informados de su fijaci\u00f3n pueden configurar su navegador a tal efecto.<\/p>\n<ol start=\"10\">\n<li>Propiedad intelectual y derechos de autor<\/li>\n<\/ol>\n<p>HOTEL CASTELL D\u2019EMPORDA declara que salvo que se indique lo contrario en la Web, los textos, im\u00e1genes, ilustraciones, dise\u00f1os, iconos, fotograf\u00edas, segmentos de v\u00eddeo, segmentos de sonido y dem\u00e1s materiales que se encuentren en la Web y cualesquiera otras creaciones intelectuales y\/o invenciones o descubrimientos cient\u00edficos y t\u00e9cnicos, cualquiera que sea su aplicaci\u00f3n empresarial o industrial (en adelante colectivamente denominados el \u201cContenido\u201d) han sido creados o inventados por HOTEL CASTELL D\u2019EMPORDA o cedidos, licenciados, transmitidos o autorizados a \u00e9sta por sus titulares y\/o cesionarios.<\/p>\n<p>El Usuario se compromete a no suprimir o alterar cualesquiera signo distintivo utilizado en la Web, tales como, con car\u00e1cter no exhaustivo, marcas, nombres comerciales (gr\u00e1ficos, logotipos, etc), el \u201ccopyright\u201d y dem\u00e1s datos identificativos de los derechos de HOTEL CASTELL D\u2019EMPORDA o de terceros titulares incorporados en la Web.<\/p>\n<p>Son propiedad de HOTEL CASTELL D\u2019EMPORDA igualmente todos los derechos sobre cualesquiera obras, inventos, descubrimientos, patentes, ideas, conceptos, actualizaciones y las mejoras relacionadas con la Web, sus sistemas, aplicaciones y programas o con los servicios que HOTEL CASTELL D\u2019EMPORDA presta, ya sea por s\u00ed sola o con la ayuda de los usuarios de la Web, en el transcurso o como resultado de alg\u00fan dise\u00f1o, desarrollo o cualquier otra tarea realizada de conformidad con el Contrato.<\/p>\n<p>El Usuario no podr\u00e1 utilizar el nombre ni las marcas, s\u00edmbolos, logos o signos distintivos de titularidad de HOTEL CASTELL D\u2019EMPORDA sin el consentimiento expreso y escrito de \u00e9sta.<\/p>\n<p>En caso de que cualquier usuario o tercero considere que cualquiera de los contenidos existentes en la Web suponga una violaci\u00f3n de los derechos de autor u otros derechos de protecci\u00f3n de la propiedad intelectual, rogamos que lo comunique a la siguiente direcci\u00f3n: Carretera Castell d\u2019Emporda s\/n\u00a0 , 17100, La Bisbal d\u2019Emporda , Girona.<\/p>\n<ol start=\"11\">\n<li>Jurisdicci\u00f3n y legislaci\u00f3n aplicable<\/li>\n<\/ol>\n<p>Las Normas de Uso que se encuentran en el presente Acuerdo Legal, se rigen por la ley Espa\u00f1ola. Tanto HOTEL CASTELL D\u2019EMPORDA como los usuarios de la Web est\u00e1n de acuerdo en que para cualquier discrepancia que pueda surgir en cuanto a la interpretaci\u00f3n, cumplimiento y\/o ejecuci\u00f3n, de las presentes normas se someter\u00e1n expresamente a la jurisdicci\u00f3n de los Jueces y Tribunales competentes de Barcelona, con renuncia expresa, a cualquier otro fuero que pudiera corresponderles.<\/p>\n\t\t\t\t\t\t<\/div>\n\t\t\t\t<\/div>\n\t\t\t\t\t<\/div>\n\t\t<\/div>\n\t\t\t\t\t<\/div>\n\t\t<\/section>\n\t\t\t\t\t<\/div>\n\t\t<\/div>\n\t\t\t\t\t<\/div>\n\t\t<\/section>\n\t\t\t\t<\/div>\n\t\t","protected":false},"excerpt":{"rendered":"<p>Av\u00eds Legal Aviso legal y condiciones de uso Introducci\u00f3n El presente documento tiene como finalidad el establecer y regular las normas de uso de la p\u00e1ginas\u00a0www.hotelcastellemporda.com(en adelante \u201cWeb\u201d), entendiendo por Web todas las p\u00e1ginas y sus contenidos propiedad de Hotel Castell Del Remei S.L . Mediante esta web, Hotel Castell Del Remei S.L . (en [&hellip;]<\/p>\n","protected":false},"author":22,"featured_media":0,"parent":0,"menu_order":0,"comment_status":"closed","ping_status":"closed","template":"","meta":{"_acf_changed":false,"footnotes":""},"class_list":["post-7375","page","type-page","status-publish","hentry"],"acf":[],"yoast_head":"<!-- This site is optimized with the Yoast SEO plugin v25.3.1 - https:\/\/yoast.com\/wordpress\/plugins\/seo\/ -->\n<title>Av\u00eds legal - Hotel Castell DEmporda<\/title>\n<meta name=\"robots\" content=\"index, follow, max-snippet:-1, max-image-preview:large, max-video-preview:-1\" \/>\n<link rel=\"canonical\" href=\"https:\/\/hotelcastellemporda.com\/ca\/avis-legal\/\" \/>\n<meta property=\"og:locale\" content=\"ca_ES\" \/>\n<meta property=\"og:type\" content=\"article\" \/>\n<meta property=\"og:title\" content=\"Av\u00eds legal - Hotel Castell DEmporda\" \/>\n<meta property=\"og:description\" content=\"Av\u00eds Legal Aviso legal y condiciones de uso Introducci\u00f3n El presente documento tiene como finalidad el establecer y regular las normas de uso de la p\u00e1ginas\u00a0www.hotelcastellemporda.com(en adelante \u201cWeb\u201d), entendiendo por Web todas las p\u00e1ginas y sus contenidos propiedad de Hotel Castell Del Remei S.L . Mediante esta web, Hotel Castell Del Remei S.L . (en [&hellip;]\" \/>\n<meta property=\"og:url\" content=\"https:\/\/hotelcastellemporda.com\/ca\/avis-legal\/\" \/>\n<meta property=\"og:site_name\" content=\"Hotel Castell DEmporda\" \/>\n<meta property=\"article:modified_time\" content=\"2023-01-11T13:26:01+00:00\" \/>\n<meta name=\"twitter:card\" content=\"summary_large_image\" \/>\n<meta name=\"twitter:label1\" content=\"Temps estimat de lectura\" \/>\n\t<meta name=\"twitter:data1\" content=\"9 minuts\" \/>\n<script type=\"application\/ld+json\" class=\"yoast-schema-graph\">{\"@context\":\"https:\/\/schema.org\",\"@graph\":[{\"@type\":\"WebPage\",\"@id\":\"https:\/\/hotelcastellemporda.com\/ca\/avis-legal\/\",\"url\":\"https:\/\/hotelcastellemporda.com\/ca\/avis-legal\/\",\"name\":\"Av\u00eds legal - Hotel Castell DEmporda\",\"isPartOf\":{\"@id\":\"https:\/\/hotelcastellemporda.com\/ca\/#website\"},\"datePublished\":\"2022-02-24T16:02:25+00:00\",\"dateModified\":\"2023-01-11T13:26:01+00:00\",\"breadcrumb\":{\"@id\":\"https:\/\/hotelcastellemporda.com\/ca\/avis-legal\/#breadcrumb\"},\"inLanguage\":\"ca\",\"potentialAction\":[{\"@type\":\"ReadAction\",\"target\":[\"https:\/\/hotelcastellemporda.com\/ca\/avis-legal\/\"]}]},{\"@type\":\"BreadcrumbList\",\"@id\":\"https:\/\/hotelcastellemporda.com\/ca\/avis-legal\/#breadcrumb\",\"itemListElement\":[{\"@type\":\"ListItem\",\"position\":1,\"name\":\"Home\",\"item\":\"https:\/\/hotelcastellemporda.com\/ca\/\"},{\"@type\":\"ListItem\",\"position\":2,\"name\":\"Av\u00eds legal\"}]},{\"@type\":\"WebSite\",\"@id\":\"https:\/\/hotelcastellemporda.com\/ca\/#website\",\"url\":\"https:\/\/hotelcastellemporda.com\/ca\/\",\"name\":\"Hotel Castell DEmporda\",\"description\":\"Hotel Castell DEmporda\",\"publisher\":{\"@id\":\"https:\/\/hotelcastellemporda.com\/ca\/#organization\"},\"potentialAction\":[{\"@type\":\"SearchAction\",\"target\":{\"@type\":\"EntryPoint\",\"urlTemplate\":\"https:\/\/hotelcastellemporda.com\/ca\/?s={search_term_string}\"},\"query-input\":{\"@type\":\"PropertyValueSpecification\",\"valueRequired\":true,\"valueName\":\"search_term_string\"}}],\"inLanguage\":\"ca\"},{\"@type\":\"Organization\",\"@id\":\"https:\/\/hotelcastellemporda.com\/ca\/#organization\",\"name\":\"Hotel Castell DEmporda\",\"url\":\"https:\/\/hotelcastellemporda.com\/ca\/\",\"logo\":{\"@type\":\"ImageObject\",\"inLanguage\":\"ca\",\"@id\":\"https:\/\/hotelcastellemporda.com\/ca\/#\/schema\/logo\/image\/\",\"url\":\"https:\/\/hotelcastellemporda.com\/wp-content\/uploads\/2022\/01\/logo-castell-demporda.png\",\"contentUrl\":\"https:\/\/hotelcastellemporda.com\/wp-content\/uploads\/2022\/01\/logo-castell-demporda.png\",\"width\":130,\"height\":97,\"caption\":\"Hotel Castell DEmporda\"},\"image\":{\"@id\":\"https:\/\/hotelcastellemporda.com\/ca\/#\/schema\/logo\/image\/\"}}]}<\/script>\n<!-- \/ Yoast SEO plugin. -->","yoast_head_json":{"title":"Av\u00eds legal - Hotel Castell DEmporda","robots":{"index":"index","follow":"follow","max-snippet":"max-snippet:-1","max-image-preview":"max-image-preview:large","max-video-preview":"max-video-preview:-1"},"canonical":"https:\/\/hotelcastellemporda.com\/ca\/avis-legal\/","og_locale":"ca_ES","og_type":"article","og_title":"Av\u00eds legal - Hotel Castell DEmporda","og_description":"Av\u00eds Legal Aviso legal y condiciones de uso Introducci\u00f3n El presente documento tiene como finalidad el establecer y regular las normas de uso de la p\u00e1ginas\u00a0www.hotelcastellemporda.com(en adelante \u201cWeb\u201d), entendiendo por Web todas las p\u00e1ginas y sus contenidos propiedad de Hotel Castell Del Remei S.L . Mediante esta web, Hotel Castell Del Remei S.L . (en [&hellip;]","og_url":"https:\/\/hotelcastellemporda.com\/ca\/avis-legal\/","og_site_name":"Hotel Castell DEmporda","article_modified_time":"2023-01-11T13:26:01+00:00","twitter_card":"summary_large_image","twitter_misc":{"Temps estimat de lectura":"9 minuts"},"schema":{"@context":"https:\/\/schema.org","@graph":[{"@type":"WebPage","@id":"https:\/\/hotelcastellemporda.com\/ca\/avis-legal\/","url":"https:\/\/hotelcastellemporda.com\/ca\/avis-legal\/","name":"Av\u00eds legal - Hotel Castell DEmporda","isPartOf":{"@id":"https:\/\/hotelcastellemporda.com\/ca\/#website"},"datePublished":"2022-02-24T16:02:25+00:00","dateModified":"2023-01-11T13:26:01+00:00","breadcrumb":{"@id":"https:\/\/hotelcastellemporda.com\/ca\/avis-legal\/#breadcrumb"},"inLanguage":"ca","potentialAction":[{"@type":"ReadAction","target":["https:\/\/hotelcastellemporda.com\/ca\/avis-legal\/"]}]},{"@type":"BreadcrumbList","@id":"https:\/\/hotelcastellemporda.com\/ca\/avis-legal\/#breadcrumb","itemListElement":[{"@type":"ListItem","position":1,"name":"Home","item":"https:\/\/hotelcastellemporda.com\/ca\/"},{"@type":"ListItem","position":2,"name":"Av\u00eds legal"}]},{"@type":"WebSite","@id":"https:\/\/hotelcastellemporda.com\/ca\/#website","url":"https:\/\/hotelcastellemporda.com\/ca\/","name":"Hotel Castell DEmporda","description":"Hotel Castell DEmporda","publisher":{"@id":"https:\/\/hotelcastellemporda.com\/ca\/#organization"},"potentialAction":[{"@type":"SearchAction","target":{"@type":"EntryPoint","urlTemplate":"https:\/\/hotelcastellemporda.com\/ca\/?s={search_term_string}"},"query-input":{"@type":"PropertyValueSpecification","valueRequired":true,"valueName":"search_term_string"}}],"inLanguage":"ca"},{"@type":"Organization","@id":"https:\/\/hotelcastellemporda.com\/ca\/#organization","name":"Hotel Castell DEmporda","url":"https:\/\/hotelcastellemporda.com\/ca\/","logo":{"@type":"ImageObject","inLanguage":"ca","@id":"https:\/\/hotelcastellemporda.com\/ca\/#\/schema\/logo\/image\/","url":"https:\/\/hotelcastellemporda.com\/wp-content\/uploads\/2022\/01\/logo-castell-demporda.png","contentUrl":"https:\/\/hotelcastellemporda.com\/wp-content\/uploads\/2022\/01\/logo-castell-demporda.png","width":130,"height":97,"caption":"Hotel Castell DEmporda"},"image":{"@id":"https:\/\/hotelcastellemporda.com\/ca\/#\/schema\/logo\/image\/"}}]}},"_links":{"self":[{"href":"https:\/\/hotelcastellemporda.com\/ca\/wp-json\/wp\/v2\/pages\/7375","targetHints":{"allow":["GET"]}}],"collection":[{"href":"https:\/\/hotelcastellemporda.com\/ca\/wp-json\/wp\/v2\/pages"}],"about":[{"href":"https:\/\/hotelcastellemporda.com\/ca\/wp-json\/wp\/v2\/types\/page"}],"author":[{"embeddable":true,"href":"https:\/\/hotelcastellemporda.com\/ca\/wp-json\/wp\/v2\/users\/22"}],"replies":[{"embeddable":true,"href":"https:\/\/hotelcastellemporda.com\/ca\/wp-json\/wp\/v2\/comments?post=7375"}],"version-history":[{"count":0,"href":"https:\/\/hotelcastellemporda.com\/ca\/wp-json\/wp\/v2\/pages\/7375\/revisions"}],"wp:attachment":[{"href":"https:\/\/hotelcastellemporda.com\/ca\/wp-json\/wp\/v2\/media?parent=7375"}],"curies":[{"name":"wp","href":"https:\/\/api.w.org\/{rel}","templated":true}]}}