{"id":7451,"date":"2022-02-25T10:19:41","date_gmt":"2022-02-25T10:19:41","guid":{"rendered":"https:\/\/hotelcastellemporda.com\/politica-de-cookies\/"},"modified":"2022-02-25T10:19:42","modified_gmt":"2022-02-25T10:19:42","slug":"politica-de-cookies","status":"publish","type":"page","link":"https:\/\/hotelcastellemporda.com\/ca\/politica-de-cookies\/","title":{"rendered":"Pol\u00edtica de Cookies"},"content":{"rendered":"\t\t<div data-elementor-type=\"wp-page\" data-elementor-id=\"7451\" class=\"elementor elementor-7451 elementor-6863\" data-elementor-post-type=\"page\">\n\t\t\t\t\t\t<section data-particle_enable=\"false\" data-particle-mobile-disabled=\"false\" class=\"elementor-section elementor-top-section elementor-element elementor-element-278a6b4b elementor-section-height-min-height elementor-section-items-top ohm-templ-hero-image-slider elementor-section-boxed elementor-section-height-default\" data-id=\"278a6b4b\" data-element_type=\"section\" data-settings=\"{&quot;background_background&quot;:&quot;classic&quot;}\">\n\t\t\t\t\t\t\t<div class=\"elementor-background-overlay\"><\/div>\n\t\t\t\t\t\t\t<div class=\"elementor-container elementor-column-gap-default\">\n\t\t\t\t\t<div class=\"elementor-column elementor-col-100 elementor-top-column elementor-element elementor-element-7a088fab\" data-id=\"7a088fab\" data-element_type=\"column\">\n\t\t\t<div class=\"elementor-widget-wrap\">\n\t\t\t\t\t\t\t<\/div>\n\t\t<\/div>\n\t\t\t\t\t<\/div>\n\t\t<\/section>\n\t\t\t\t<section data-particle_enable=\"false\" data-particle-mobile-disabled=\"false\" class=\"elementor-section elementor-top-section elementor-element elementor-element-546bf6d elementor-section-full_width ohm-plain-text-wrapper elementor-section-height-default elementor-section-height-default\" data-id=\"546bf6d\" data-element_type=\"section\">\n\t\t\t\t\t\t<div class=\"elementor-container elementor-column-gap-default\">\n\t\t\t\t\t<div class=\"elementor-column elementor-col-100 elementor-top-column elementor-element elementor-element-2cdb842\" data-id=\"2cdb842\" data-element_type=\"column\">\n\t\t\t<div class=\"elementor-widget-wrap elementor-element-populated\">\n\t\t\t\t\t\t<section data-particle_enable=\"false\" data-particle-mobile-disabled=\"false\" class=\"elementor-section elementor-inner-section elementor-element elementor-element-04599a2 ohm-plain-text-inner elementor-section-boxed elementor-section-height-default elementor-section-height-default\" data-id=\"04599a2\" data-element_type=\"section\">\n\t\t\t\t\t\t<div class=\"elementor-container elementor-column-gap-default\">\n\t\t\t\t\t<div class=\"elementor-column elementor-col-100 elementor-inner-column elementor-element elementor-element-d4a3ba8\" data-id=\"d4a3ba8\" data-element_type=\"column\">\n\t\t\t<div class=\"elementor-widget-wrap elementor-element-populated\">\n\t\t\t\t\t\t<div class=\"elementor-element elementor-element-c812a90 ohm-heading elementor-widget elementor-widget-heading\" data-id=\"c812a90\" data-element_type=\"widget\" data-widget_type=\"heading.default\">\n\t\t\t\t<div class=\"elementor-widget-container\">\n\t\t\t<h1 class=\"elementor-heading-title elementor-size-default\">Pol\u00edtica de Cookies<\/h1>\t\t<\/div>\n\t\t\t\t<\/div>\n\t\t\t\t<div class=\"elementor-element elementor-element-8cfaba5 ohm-text elementor-widget elementor-widget-text-editor\" data-id=\"8cfaba5\" data-element_type=\"widget\" data-widget_type=\"text-editor.default\">\n\t\t\t\t<div class=\"elementor-widget-container\">\n\t\t\t\t\t\t\t<p>HOTEL CASTELL DEL REMEI S.L., titular de la p\u00e1gina www.hotelcastellemporda.com, utiliza cookies con las finalidades que se indican a continuaci\u00f3n:<\/p>\n<ul>\n<li>La Identificaci\u00f3n de las sesiones de usuario;<\/li>\n<li>La Identificaci\u00f3n de las sesiones de ordenador.<\/li>\n<\/ul>\n<h3>\u00a0<\/h3>\n<h3><strong>\u00bfQu\u00e9 es una cookie? <\/strong><\/h3>\n<p>Una cookie es un peque\u00f1o fichero que se descarga en su ordenador u otro dispositivo (smartphone, tablet, etc.) que utilice cuando visita www.hotelcastellemporda.com. Entre otros fines, las cookies le permiten personalizar los contenidos a los que accede y a nosotros obtener estad\u00edsticas para mejorar nuestros servicios y tambi\u00e9n ofrecerle publicidad.<\/p>\n<p>Con car\u00e1cter general, se puede utilizar varios criterios para clasificar las cookies, en funci\u00f3n de qui\u00e9n las gestione (propias o de terceros), el plazo de tiempo durante el que permanecen actividades (de sesi\u00f3n o persistentes) o su finalidad (t\u00e9cnica, de personalizaci\u00f3n, de an\u00e1lisis, etc.). En el \u00faltimo caso, dependiendo de cu\u00e1l sea la finalidad concreta pueden requerir, o no, obtener el consentimiento del usuario.<\/p>\n<p>A continuaci\u00f3n, se explica con car\u00e1cter general las cookies que puede haber con car\u00e1cter general de manera que ello permita entender posteriormente qu\u00e9 cookies utiliza en www.hotelcastellemporda.com<\/p>\n<h2>\u00a0<\/h2>\n<h2>Cookies<\/h2>\n<table class=\"avia-table avia-data-table avia_pricing_minimal avia-builder-el-4 el_after_av_textblock el_before_av_textblock table-no-bottom-border\">\n<tbody>\n<tr class=\"\">\n<td class=\"\"><strong>\u00bfDe qui\u00e9n son?<\/strong><\/td>\n<td class=\"avia-center-col\"><strong>Propias<\/strong><\/td>\n<td class=\"\">Ser\u00edan las que, en su caso, enviase a su dispositivo desde<\/td>\n<\/tr>\n<tr class=\"\">\n<td class=\"\">\u00a0<\/td>\n<td class=\"avia-center-col\"><strong>De tercero<\/strong><\/td>\n<td class=\"\">Ser\u00edan las que, en su caso, enviasen otras entidades, como por ejemplo Google en el caso de las cookies de Google Analytics.<\/td>\n<\/tr>\n<tr class=\"\">\n<td class=\"\"><strong>\u00bfCu\u00e1nto tiempo permanecen activadas?<\/strong><\/td>\n<td class=\"avia-center-col\"><strong>De sesi\u00f3n<\/strong><\/td>\n<td class=\"\">Recaban y almacenan datos durante la sesi\u00f3n del usuario, como por ejemplo para prestar un servicio. Se eliminan cuando finaliza la sesi\u00f3n.<\/td>\n<\/tr>\n<tr class=\"\">\n<td class=\"\">\u00a0<\/td>\n<td class=\"avia-center-col\"><strong>Persistentes<\/strong><\/td>\n<td class=\"\">Los datos recabados a trav\u00e9s del uso de la cookie siguen almacenados durante un periodo de tiempo que pueden ser minutos o incluso a\u00f1os.<\/td>\n<\/tr>\n<tr class=\"\">\n<td class=\"\">\u00a0<\/td>\n<td class=\"avia-center-col\"><strong>No requieren consentimiento del usuario<\/strong><\/td>\n<td class=\"\">\u00a0<\/td>\n<\/tr>\n<tr class=\"\">\n<td class=\"\"><strong>\u00bfCu\u00e1l es su finalidad?<\/strong><\/td>\n<td class=\"avia-center-col\"><strong>T\u00e9cnicas<\/strong><\/td>\n<td class=\"\">Son necesarias para que la navegaci\u00f3n por la p\u00e1gina web que se visita sea posible, de manera que funcione adecuadamente.<\/td>\n<\/tr>\n<tr class=\"\">\n<td class=\"\">\u00a0<\/td>\n<td class=\"avia-center-col\"><strong>De personalizaci\u00f3n o configuraci\u00f3n<\/strong><\/td>\n<td class=\"\">Sirven para personalizar o configurar la presentaci\u00f3n de la p\u00e1gina web que visita el usuario reconociendo su idioma, tama\u00f1o de letra, etc.<\/td>\n<\/tr>\n<tr class=\"\">\n<td class=\"\">\u00a0<\/td>\n<td class=\"avia-center-col\"><strong>De seguridad<\/strong><\/td>\n<td class=\"\">Se utilizan para prevenir o dificultar ataques contra el sitio o p\u00e1gina web y\/o los usuarios.<\/td>\n<\/tr>\n<tr class=\"\">\n<td class=\"\">\u00a0<\/td>\n<td class=\"avia-center-col\"><strong>Requieren consentimiento del usuario<\/strong><\/td>\n<td class=\"\">\u00a0<\/td>\n<\/tr>\n<tr class=\"\">\n<td class=\"\">\u00a0<\/td>\n<td class=\"avia-center-col\"><strong>Analyticas<\/strong><\/td>\n<td class=\"\">Sirven para medir la actividad del usuario al visitar el sitio o p\u00e1gina web y elaborar estad\u00edsticas de navegaci\u00f3n con el fin de mejorar el servicio, la informaci\u00f3n, etc.<\/td>\n<\/tr>\n<tr class=\"\">\n<td class=\"\">\u00a0<\/td>\n<td class=\"avia-center-col\"><strong>Publicitarias<\/strong><\/td>\n<td class=\"\">Sirven para gestionar la frecuencia y el contenido de la publicidad que se muestra.<\/td>\n<\/tr>\n<tr class=\"\">\n<td class=\"\">\u00a0<\/td>\n<td class=\"avia-center-col\"><strong>De seguimiento<\/strong><\/td>\n<td class=\"\">Sirven para mostrar publicidad personalizada.<\/td>\n<\/tr>\n<\/tbody>\n<\/table>\n<p>\u00a0<\/p>\n<h2>\u00bfQu\u00e9 cookies se utilizan en www.hotelcastellemporda.com?<\/h2>\n<p>En concreto, HOTEL CASTELL DEL REMEI S.L., en su web www.hotelcastellemporda.com,utiliza las siguientes cookies tanto propias como de terceros:<\/p>\n<table class=\"avia-table avia-data-table avia_pricing_minimal  avia-builder-el-6  el_after_av_textblock  el_before_av_textblock \">\n<tbody>\n<tr class=\"\">\n<td class=\"avia-center-col\">Tipo<\/td>\n<td class=\"avia-center-col\">Finalidad<\/td>\n<td class=\"avia-center-col\">Tiempo de activaci\u00f3n<\/td>\n<td class=\"avia-center-col\">M\u00e1s informaci\u00f3n<\/td>\n<\/tr>\n<tr class=\"\">\n<td class=\"avia-center-col\">Las cookies de sesi\u00f3n<\/td>\n<td class=\"avia-center-col\">Identificar una sesi\u00f3n de usuario<\/td>\n<td class=\"avia-center-col\">Sesi\u00f3n<\/td>\n<td class=\"avia-center-col\">\u00a0<\/td>\n<\/tr>\n<tr class=\"\">\n<td class=\"avia-center-col\">Las cookies permanentes<\/td>\n<td class=\"avia-center-col\">Identificar una sesi\u00f3n de ordenador<\/td>\n<td class=\"avia-center-col\">Persistente<\/td>\n<\/tr>\n<\/tbody>\n<\/table>\n<p>\u00a0<\/p>\n<h2>Gesti\u00f3n y desactivaci\u00f3n o eliminaci\u00f3n de las cookies<\/h2>\n<p>Las cookies se pueden eliminar y tambi\u00e9n bloquear, de forma general o particular para un dominio espec\u00edfico. Para eliminar las cookies de un sitio web debe ir a configuraci\u00f3n de su navegador y all\u00ed podr\u00e1 buscar las asociadas al dominio en cuesti\u00f3n y proceder a su eliminaci\u00f3n. En funci\u00f3n del navegador que est\u00e9 usando, variar\u00e1 la manera en la que pueda eliminar, desactivar o bloquear las cookies. Al respecto, puede consultar los siguientes links de los principales navegadores donde podr\u00e1 encontrar m\u00e1s informaci\u00f3n:<\/p>\n<table class=\"avia-table avia-data-table avia_pricing_minimal  avia-builder-el-8  el_after_av_textblock  el_before_av_textblock \">\n<tbody>\n<tr class=\"\">\n<td class=\"avia-center-col\"><strong>Navegador<\/strong><\/td>\n<td class=\"avia-center-col\"><strong>URL<\/strong><\/td>\n<\/tr>\n<tr class=\"\">\n<td class=\"avia-center-col\"><strong>Chrome<\/strong><\/td>\n<td class=\"avia-center-col\"><a href=\"https:\/\/support.google.com\/accounts\/answer\/61416?hl=es\">https:\/\/support.google.com\/accounts\/answer\/61416?hl=es<\/a><\/td>\n<\/tr>\n<tr class=\"\">\n<td class=\"avia-center-col\"><strong>Internet Explorer<\/strong><\/td>\n<td class=\"avia-center-col\"><a href=\"https:\/\/support.microsoft.com\/es-es\/help\/17442\/windows-internet-explorer-delete-manage-cookies\">https:\/\/support.microsoft.com\/es-es\/help\/17442\/windows-internet-explorer-delete-manage-cookies<\/a><\/td>\n<\/tr>\n<tr class=\"\">\n<td class=\"avia-center-col\"><strong>Firefox<\/strong><\/td>\n<td class=\"avia-center-col\"><a href=\"https:\/\/support.mozilla.org\/es\/kb\/habilitar-y-deshabilitar-cookies-sitios-web-rastrear-preferencias?redirectlocale=es&amp;redirectslug=habilitar-y-deshabilitar-cookies-que-los-sitios-we\">https:\/\/support.mozilla.org\/es\/kb\/habilitar-y-deshabilitar-cookies-sitios-web-rastrear-preferencias?redirectlocale=es&amp;redirectslug=habilitar-y-deshabilitar-cookies-que-los-sitios-we<\/a><\/td>\n<\/tr>\n<tr class=\"\">\n<td class=\"avia-center-col\"><strong>Safari for OSX<\/strong><\/td>\n<td class=\"avia-center-col\"><a href=\"https:\/\/support.apple.com\/es-es\/guide\/safari\/sfri11471\/mac\">https:\/\/support.apple.com\/es-es\/guide\/safari\/sfri11471\/mac<\/a><\/td>\n<\/tr>\n<tr class=\"\">\n<td class=\"avia-center-col\"><strong>Safari for IOS<\/strong><\/td>\n<td class=\"avia-center-col\"><a href=\"https:\/\/www.apple.com\/legal\/privacy\/es\/cookies\/\">https:\/\/www.apple.com\/legal\/privacy\/es\/cookies\/<\/a><\/td>\n<\/tr>\n<tr class=\"\">\n<td class=\"avia-center-col\"><strong>Android<\/strong><\/td>\n<td class=\"avia-center-col\"><a href=\"https:\/\/support.google.com\/chrome\/answer\/95647?co=GENIE.Platform%3DAndroid&amp;hl=es\">https:\/\/support.google.com\/chrome\/answer\/95647?co=GENIE.Platform%3DAndroid&amp;hl=es<\/a><\/td>\n<\/tr>\n<tr class=\"\">\n<td class=\"avia-center-col\"><strong>Windows Phone<\/strong><\/td>\n<td class=\"avia-center-col\"><a href=\"https:\/\/ayudawindowsphone.com\/politica-de-cookies\/\">https:\/\/ayudawindowsphone.com\/politica-de-cookies\/<\/a><\/td>\n<\/tr>\n<\/tbody>\n<\/table>\n<p>\u00a0<\/p>\n<h2>Consultas y m\u00e1s informaci\u00f3n sobre cookies<\/h2>\n<p>Si tiene alguna consulta sobre esta Pol\u00edtica de Cookies puede dirigirse a:<\/p>\n<p>HOTEL CASTELL DEL REMEI S.L. CASTELL D\u2019EMPORD\u00c0 s\/n, 17115 La Bisbal (Girona)<\/p>\n<p>Email: protecciondedatos@hotelcastellemporda.com<\/p>\n<p>Si desea obtener m\u00e1s informaci\u00f3n sobre las cookies, puede consultar la Gu\u00eda sobre el uso de las cookies de la Agencia Espa\u00f1ola de Protecci\u00f3n de Datos (AEPD), elaborada junto con varias asociaciones sectoriales, y que se encuentra disponible aqui Cookies policy update: This cookies policy has been updated on 12th June 2019.<\/p>\n\t\t\t\t\t\t<\/div>\n\t\t\t\t<\/div>\n\t\t\t\t\t<\/div>\n\t\t<\/div>\n\t\t\t\t\t<\/div>\n\t\t<\/section>\n\t\t\t\t\t<\/div>\n\t\t<\/div>\n\t\t\t\t\t<\/div>\n\t\t<\/section>\n\t\t\t\t<\/div>\n\t\t","protected":false},"excerpt":{"rendered":"<p>Pol\u00edtica de Cookies HOTEL CASTELL DEL REMEI S.L., titular de la p\u00e1gina www.hotelcastellemporda.com, utiliza cookies con las finalidades que se indican a continuaci\u00f3n: La Identificaci\u00f3n de las sesiones de usuario; La Identificaci\u00f3n de las sesiones de ordenador. \u00a0 \u00bfQu\u00e9 es una cookie? Una cookie es un peque\u00f1o fichero que se descarga en su ordenador u [&hellip;]<\/p>\n","protected":false},"author":22,"featured_media":0,"parent":0,"menu_order":0,"comment_status":"closed","ping_status":"closed","template":"","meta":{"_acf_changed":false,"footnotes":""},"class_list":["post-7451","page","type-page","status-publish","hentry"],"acf":[],"yoast_head":"<!-- This site is optimized with the Yoast SEO plugin v25.3.1 - https:\/\/yoast.com\/wordpress\/plugins\/seo\/ -->\n<title>Pol\u00edtica de Cookies - Hotel Castell DEmporda<\/title>\n<meta name=\"robots\" content=\"index, follow, max-snippet:-1, max-image-preview:large, max-video-preview:-1\" \/>\n<link rel=\"canonical\" href=\"https:\/\/hotelcastellemporda.com\/ca\/politica-de-cookies\/\" \/>\n<meta property=\"og:locale\" content=\"ca_ES\" \/>\n<meta property=\"og:type\" content=\"article\" \/>\n<meta property=\"og:title\" content=\"Pol\u00edtica de Cookies - Hotel Castell DEmporda\" \/>\n<meta property=\"og:description\" content=\"Pol\u00edtica de Cookies HOTEL CASTELL DEL REMEI S.L., titular de la p\u00e1gina www.hotelcastellemporda.com, utiliza cookies con las finalidades que se indican a continuaci\u00f3n: La Identificaci\u00f3n de las sesiones de usuario; La Identificaci\u00f3n de las sesiones de ordenador. \u00a0 \u00bfQu\u00e9 es una cookie? Una cookie es un peque\u00f1o fichero que se descarga en su ordenador u [&hellip;]\" \/>\n<meta property=\"og:url\" content=\"https:\/\/hotelcastellemporda.com\/ca\/politica-de-cookies\/\" \/>\n<meta property=\"og:site_name\" content=\"Hotel Castell DEmporda\" \/>\n<meta property=\"article:modified_time\" content=\"2022-02-25T10:19:42+00:00\" \/>\n<meta name=\"twitter:card\" content=\"summary_large_image\" \/>\n<meta name=\"twitter:label1\" content=\"Temps estimat de lectura\" \/>\n\t<meta name=\"twitter:data1\" content=\"4 minuts\" \/>\n<script type=\"application\/ld+json\" class=\"yoast-schema-graph\">{\"@context\":\"https:\/\/schema.org\",\"@graph\":[{\"@type\":\"WebPage\",\"@id\":\"https:\/\/hotelcastellemporda.com\/ca\/politica-de-cookies\/\",\"url\":\"https:\/\/hotelcastellemporda.com\/ca\/politica-de-cookies\/\",\"name\":\"Pol\u00edtica de Cookies - Hotel Castell DEmporda\",\"isPartOf\":{\"@id\":\"https:\/\/hotelcastellemporda.com\/ca\/#website\"},\"datePublished\":\"2022-02-25T10:19:41+00:00\",\"dateModified\":\"2022-02-25T10:19:42+00:00\",\"breadcrumb\":{\"@id\":\"https:\/\/hotelcastellemporda.com\/ca\/politica-de-cookies\/#breadcrumb\"},\"inLanguage\":\"ca\",\"potentialAction\":[{\"@type\":\"ReadAction\",\"target\":[\"https:\/\/hotelcastellemporda.com\/ca\/politica-de-cookies\/\"]}]},{\"@type\":\"BreadcrumbList\",\"@id\":\"https:\/\/hotelcastellemporda.com\/ca\/politica-de-cookies\/#breadcrumb\",\"itemListElement\":[{\"@type\":\"ListItem\",\"position\":1,\"name\":\"Home\",\"item\":\"https:\/\/hotelcastellemporda.com\/ca\/\"},{\"@type\":\"ListItem\",\"position\":2,\"name\":\"Pol\u00edtica de Cookies\"}]},{\"@type\":\"WebSite\",\"@id\":\"https:\/\/hotelcastellemporda.com\/ca\/#website\",\"url\":\"https:\/\/hotelcastellemporda.com\/ca\/\",\"name\":\"Hotel Castell DEmporda\",\"description\":\"Hotel Castell DEmporda\",\"publisher\":{\"@id\":\"https:\/\/hotelcastellemporda.com\/ca\/#organization\"},\"potentialAction\":[{\"@type\":\"SearchAction\",\"target\":{\"@type\":\"EntryPoint\",\"urlTemplate\":\"https:\/\/hotelcastellemporda.com\/ca\/?s={search_term_string}\"},\"query-input\":{\"@type\":\"PropertyValueSpecification\",\"valueRequired\":true,\"valueName\":\"search_term_string\"}}],\"inLanguage\":\"ca\"},{\"@type\":\"Organization\",\"@id\":\"https:\/\/hotelcastellemporda.com\/ca\/#organization\",\"name\":\"Hotel Castell DEmporda\",\"url\":\"https:\/\/hotelcastellemporda.com\/ca\/\",\"logo\":{\"@type\":\"ImageObject\",\"inLanguage\":\"ca\",\"@id\":\"https:\/\/hotelcastellemporda.com\/ca\/#\/schema\/logo\/image\/\",\"url\":\"https:\/\/hotelcastellemporda.com\/wp-content\/uploads\/2022\/01\/logo-castell-demporda.png\",\"contentUrl\":\"https:\/\/hotelcastellemporda.com\/wp-content\/uploads\/2022\/01\/logo-castell-demporda.png\",\"width\":130,\"height\":97,\"caption\":\"Hotel Castell DEmporda\"},\"image\":{\"@id\":\"https:\/\/hotelcastellemporda.com\/ca\/#\/schema\/logo\/image\/\"}}]}<\/script>\n<!-- \/ Yoast SEO plugin. -->","yoast_head_json":{"title":"Pol\u00edtica de Cookies - Hotel Castell DEmporda","robots":{"index":"index","follow":"follow","max-snippet":"max-snippet:-1","max-image-preview":"max-image-preview:large","max-video-preview":"max-video-preview:-1"},"canonical":"https:\/\/hotelcastellemporda.com\/ca\/politica-de-cookies\/","og_locale":"ca_ES","og_type":"article","og_title":"Pol\u00edtica de Cookies - Hotel Castell DEmporda","og_description":"Pol\u00edtica de Cookies HOTEL CASTELL DEL REMEI S.L., titular de la p\u00e1gina www.hotelcastellemporda.com, utiliza cookies con las finalidades que se indican a continuaci\u00f3n: La Identificaci\u00f3n de las sesiones de usuario; La Identificaci\u00f3n de las sesiones de ordenador. \u00a0 \u00bfQu\u00e9 es una cookie? Una cookie es un peque\u00f1o fichero que se descarga en su ordenador u [&hellip;]","og_url":"https:\/\/hotelcastellemporda.com\/ca\/politica-de-cookies\/","og_site_name":"Hotel Castell DEmporda","article_modified_time":"2022-02-25T10:19:42+00:00","twitter_card":"summary_large_image","twitter_misc":{"Temps estimat de lectura":"4 minuts"},"schema":{"@context":"https:\/\/schema.org","@graph":[{"@type":"WebPage","@id":"https:\/\/hotelcastellemporda.com\/ca\/politica-de-cookies\/","url":"https:\/\/hotelcastellemporda.com\/ca\/politica-de-cookies\/","name":"Pol\u00edtica de Cookies - Hotel Castell DEmporda","isPartOf":{"@id":"https:\/\/hotelcastellemporda.com\/ca\/#website"},"datePublished":"2022-02-25T10:19:41+00:00","dateModified":"2022-02-25T10:19:42+00:00","breadcrumb":{"@id":"https:\/\/hotelcastellemporda.com\/ca\/politica-de-cookies\/#breadcrumb"},"inLanguage":"ca","potentialAction":[{"@type":"ReadAction","target":["https:\/\/hotelcastellemporda.com\/ca\/politica-de-cookies\/"]}]},{"@type":"BreadcrumbList","@id":"https:\/\/hotelcastellemporda.com\/ca\/politica-de-cookies\/#breadcrumb","itemListElement":[{"@type":"ListItem","position":1,"name":"Home","item":"https:\/\/hotelcastellemporda.com\/ca\/"},{"@type":"ListItem","position":2,"name":"Pol\u00edtica de Cookies"}]},{"@type":"WebSite","@id":"https:\/\/hotelcastellemporda.com\/ca\/#website","url":"https:\/\/hotelcastellemporda.com\/ca\/","name":"Hotel Castell DEmporda","description":"Hotel Castell DEmporda","publisher":{"@id":"https:\/\/hotelcastellemporda.com\/ca\/#organization"},"potentialAction":[{"@type":"SearchAction","target":{"@type":"EntryPoint","urlTemplate":"https:\/\/hotelcastellemporda.com\/ca\/?s={search_term_string}"},"query-input":{"@type":"PropertyValueSpecification","valueRequired":true,"valueName":"search_term_string"}}],"inLanguage":"ca"},{"@type":"Organization","@id":"https:\/\/hotelcastellemporda.com\/ca\/#organization","name":"Hotel Castell DEmporda","url":"https:\/\/hotelcastellemporda.com\/ca\/","logo":{"@type":"ImageObject","inLanguage":"ca","@id":"https:\/\/hotelcastellemporda.com\/ca\/#\/schema\/logo\/image\/","url":"https:\/\/hotelcastellemporda.com\/wp-content\/uploads\/2022\/01\/logo-castell-demporda.png","contentUrl":"https:\/\/hotelcastellemporda.com\/wp-content\/uploads\/2022\/01\/logo-castell-demporda.png","width":130,"height":97,"caption":"Hotel Castell DEmporda"},"image":{"@id":"https:\/\/hotelcastellemporda.com\/ca\/#\/schema\/logo\/image\/"}}]}},"_links":{"self":[{"href":"https:\/\/hotelcastellemporda.com\/ca\/wp-json\/wp\/v2\/pages\/7451","targetHints":{"allow":["GET"]}}],"collection":[{"href":"https:\/\/hotelcastellemporda.com\/ca\/wp-json\/wp\/v2\/pages"}],"about":[{"href":"https:\/\/hotelcastellemporda.com\/ca\/wp-json\/wp\/v2\/types\/page"}],"author":[{"embeddable":true,"href":"https:\/\/hotelcastellemporda.com\/ca\/wp-json\/wp\/v2\/users\/22"}],"replies":[{"embeddable":true,"href":"https:\/\/hotelcastellemporda.com\/ca\/wp-json\/wp\/v2\/comments?post=7451"}],"version-history":[{"count":0,"href":"https:\/\/hotelcastellemporda.com\/ca\/wp-json\/wp\/v2\/pages\/7451\/revisions"}],"wp:attachment":[{"href":"https:\/\/hotelcastellemporda.com\/ca\/wp-json\/wp\/v2\/media?parent=7451"}],"curies":[{"name":"wp","href":"https:\/\/api.w.org\/{rel}","templated":true}]}}